{"id":466,"date":"2024-05-25T22:26:31","date_gmt":"2024-05-25T20:26:31","guid":{"rendered":"http:\/\/fundacjadzieciakiczworki.pl\/?page_id=466"},"modified":"2025-03-26T20:50:57","modified_gmt":"2025-03-26T19:50:57","slug":"dokumenty","status":"publish","type":"page","link":"https:\/\/fundacjadzieciakiczworki.pl\/?page_id=466","title":{"rendered":"DOKUMENTY"},"content":{"rendered":"\n<div data-wp-interactive=\"core\/file\" class=\"wp-block-file aligncenter\" style=\"padding-right:0;padding-left:0\"><object data-wp-bind--hidden=\"!state.hasPdfPreview\" hidden class=\"wp-block-file__embed\" data=\"http:\/\/fundacjadzieciakiczworki.pl\/wp-content\/uploads\/2025\/03\/Wyslane-sprawozdanie-merytoryczne-za-2024-r-1.pdf\" type=\"application\/pdf\" style=\"width:100%;height:500px\" aria-label=\"Osadzone z &lt;strong&gt;Wys\u0142ane sprawozdanie merytoryczne za 2024 r&lt;\/strong&gt;.\"><\/object><a id=\"wp-block-file--media-0b33696c-1ffb-4cb1-b5cb-cf5f2922bc9d\" href=\"http:\/\/fundacjadzieciakiczworki.pl\/wp-content\/uploads\/2025\/03\/Wyslane-sprawozdanie-merytoryczne-za-2024-r-1.pdf\"><strong>Wys\u0142ane sprawozdanie merytoryczne za 2024 r<\/strong><\/a><\/div>\n\n\n\n<div class=\"wp-block-group\"><div class=\"wp-block-group__inner-container is-layout-constrained wp-block-group-is-layout-constrained\">\n<div class=\"wp-block-group\"><div class=\"wp-block-group__inner-container is-layout-constrained wp-block-group-is-layout-constrained\">\n<div data-wp-interactive=\"core\/file\" class=\"wp-block-file aligncenter\"><object data-wp-bind--hidden=\"!state.hasPdfPreview\" hidden class=\"wp-block-file__embed\" data=\"http:\/\/fundacjadzieciakiczworki.pl\/wp-content\/uploads\/2025\/03\/Wyslane-wprowadzenie-do-sprawozdania.pdf\" type=\"application\/pdf\" style=\"width:100%;height:500px\" aria-label=\"Osadzone z &lt;strong&gt;Wprowadzenie do sprawozdania&lt;\/strong&gt;.\"><\/object><a id=\"wp-block-file--media-3df50de8-944f-4b6f-82d6-e8a433fc4af0\" href=\"http:\/\/fundacjadzieciakiczworki.pl\/wp-content\/uploads\/2025\/03\/Wyslane-wprowadzenie-do-sprawozdania.pdf\"><strong>Wprowadzenie do sprawozdania<\/strong><\/a><\/div>\n<\/div><\/div>\n<\/div><\/div>\n\n\n\n<div class=\"wp-block-group\"><div class=\"wp-block-group__inner-container is-layout-constrained wp-block-group-is-layout-constrained\">\n<div data-wp-interactive=\"core\/file\" class=\"wp-block-file aligncenter\"><object data-wp-bind--hidden=\"!state.hasPdfPreview\" hidden class=\"wp-block-file__embed\" data=\"http:\/\/fundacjadzieciakiczworki.pl\/wp-content\/uploads\/2025\/03\/Wyslana-informacja-dodatkowa.pdf\" type=\"application\/pdf\" style=\"width:100%;height:500px\" aria-label=\"Osadzone z &lt;strong&gt;Wys\u0142ana informacja dodatkowa&lt;\/strong&gt;.\"><\/object><a id=\"wp-block-file--media-9385b1eb-c2f1-4913-9937-8616ba63c0e3\" href=\"http:\/\/fundacjadzieciakiczworki.pl\/wp-content\/uploads\/2025\/03\/Wyslana-informacja-dodatkowa.pdf\"><strong>Wys\u0142ana informacja dodatkowa<\/strong><\/a><\/div>\n<\/div><\/div>\n\n\n\n<p class=\"has-text-align-center has-small-font-size\"><a href=\"http:\/\/fundacjadzieciakiczworki.pl\/wp-content\/uploads\/2024\/05\/STATUT-Fundacji-Dzieciaki-Czworki-tekst-jednolity-do-sadu.doc\"><strong>STATUT Fundacji Dzieciaki Czw\u00f3rki tekst jednolity <\/strong><\/a><\/p>\n\n\n\n<p class=\"has-text-align-center has-small-font-size\"><a href=\"http:\/\/fundacjadzieciakiczworki.pl\/wp-content\/uploads\/2024\/05\/Regulamin-przyznawania-dofinansowan-z-funduszu-Fundacji-Dzieciaki-Czworki-1.docx\"><strong>Regulamin przyznawania dofinansowa\u0144 z funduszu Fundacji Dzieciaki Czw\u00f3rki <\/strong><\/a><\/p>\n\n\n\n<p class=\"has-text-align-center has-small-font-size\"><object style=\"width: 100%; height: 600px;\" data=\"http:\/\/fundacjadzieciakiczworki.pl\/wp-content\/uploads\/2024\/05\/Sprawozdanie-merytoryczne-2023.pdf\" type=\"application\/pdf\" width=\"300\" height=\"150\" aria-label=\"<strong&gt;Sprawozdanie-merytoryczne-2023<\/strong&gt;\"><\/object><a href=\"http:\/\/fundacjadzieciakiczworki.pl\/wp-content\/uploads\/2024\/05\/Sprawozdanie-merytoryczne-2023.pdf\"><strong>Sprawozdanie merytoryczne 2023<\/strong><\/a><\/p>\n\n\n\n<p class=\"has-text-align-center has-small-font-size\"><object style=\"width: 100%; height: 600px;\" data=\"http:\/\/fundacjadzieciakiczworki.pl\/wp-content\/uploads\/2024\/05\/Bilans-2023.pdf\" type=\"application\/pdf\" width=\"300\" height=\"150\" aria-label=\"<strong&gt;Bilans-2023<\/strong&gt;\"><\/object><a href=\"http:\/\/fundacjadzieciakiczworki.pl\/wp-content\/uploads\/2024\/05\/Bilans-2023.pdf\"><strong>Bilans 2023<\/strong><\/a><\/p>\n\n\n\n<p class=\"has-text-align-center has-small-font-size\"><object style=\"width: 100%; height: 600px;\" data=\"http:\/\/fundacjadzieciakiczworki.pl\/wp-content\/uploads\/2024\/05\/Wprowadzenie-do-sprawozdania-2023.pdf\" type=\"application\/pdf\" width=\"300\" height=\"150\" aria-label=\"<strong&gt;Wprowadzenie-do-sprawozdania-2023<\/strong&gt;\"><\/object><a href=\"http:\/\/fundacjadzieciakiczworki.pl\/wp-content\/uploads\/2024\/05\/Wprowadzenie-do-sprawozdania-2023.pdf\"><strong>Wprowadzenie do sprawozdania 2023<\/strong><\/a><\/p>\n\n\n\n<p><\/p>\n\n\n\n<p class=\"has-text-align-center has-small-font-size\"><object style=\"width: 100%; height: 600px;\" data=\"http:\/\/fundacjadzieciakiczworki.pl\/wp-content\/uploads\/2024\/05\/Rachunek-zyskow-i-strat-2023.pdf\" type=\"application\/pdf\" width=\"300\" height=\"150\" aria-label=\"<strong&gt;Rachunek-zyskow-i-strat-2023<\/strong&gt;\"><\/object><a href=\"http:\/\/fundacjadzieciakiczworki.pl\/wp-content\/uploads\/2024\/05\/Rachunek-zyskow-i-strat-2023.pdf\"><strong>Rachunek zysk\u00f3w i strat 2023<\/strong><\/a><\/p>\n\n\n\n<p><\/p>\n\n\n\n<p class=\"has-text-align-center has-small-font-size\"><object style=\"width: 100%; height: 600px;\" data=\"http:\/\/fundacjadzieciakiczworki.pl\/wp-content\/uploads\/2024\/05\/Informacja-dodatkowa-2023.pdf\" type=\"application\/pdf\" width=\"300\" height=\"150\" aria-label=\"<strong&gt;Informacja-dodatkowa-2023<\/strong&gt;\"><\/object><a href=\"http:\/\/fundacjadzieciakiczworki.pl\/wp-content\/uploads\/2024\/05\/Informacja-dodatkowa-2023.pdf\"><strong>Informacja dodatkowa 2023<\/strong><\/a><\/p>\n\n\n\n<p class=\"has-text-align-center has-small-font-size\"><a href=\"http:\/\/fundacjadzieciakiczworki.pl\/wp-content\/uploads\/2024\/05\/img_20240325_111117-scaled.jpg\"><strong>NIW<\/strong><\/a><\/p>\n\n\n\n<p class=\"has-text-align-center has-small-font-size\"><a href=\"http:\/\/fundacjadzieciakiczworki.pl\/wp-content\/uploads\/2024\/06\/Rodo-Fundacja.docx\"><strong>Rodo Fundacja<\/strong><\/a><\/p>\n\n\n\n<p class=\"has-text-align-center has-small-font-size\"><a href=\"http:\/\/fundacjadzieciakiczworki.pl\/wp-content\/uploads\/2024\/09\/Wypozyczalnia.odt\"><strong>Wypo\u017cyczalnia<\/strong><\/a><\/p>\n\n\n\n<p><\/p>\n\n\n\n<p><\/p>\n","protected":false},"excerpt":{"rendered":"<p>STATUT Fundacji Dzieciaki Czw\u00f3rki tekst jednolity Regulamin przyznawania dofinansowa\u0144 z funduszu Fundacji Dzieciaki Czw\u00f3rki Sprawozdanie merytoryczne 2023 Bilans 2023 Wprowadzenie do sprawozdania 2023 Rachunek zysk\u00f3w i strat 2023 Informacja dodatkowa 2023 NIW Rodo Fundacja Wypo\u017cyczalnia<\/p>\n","protected":false},"author":1,"featured_media":0,"parent":0,"menu_order":0,"comment_status":"closed","ping_status":"closed","template":"","meta":{"_kadence_starter_templates_imported_post":false,"_kad_post_transparent":"","_kad_post_title":"","_kad_post_layout":"","_kad_post_sidebar_id":"","_kad_post_content_style":"","_kad_post_vertical_padding":"","_kad_post_feature":"","_kad_post_feature_position":"","_kad_post_header":false,"_kad_post_footer":false,"footnotes":""},"class_list":["post-466","page","type-page","status-publish","hentry"],"_links":{"self":[{"href":"https:\/\/fundacjadzieciakiczworki.pl\/index.php?rest_route=\/wp\/v2\/pages\/466","targetHints":{"allow":["GET"]}}],"collection":[{"href":"https:\/\/fundacjadzieciakiczworki.pl\/index.php?rest_route=\/wp\/v2\/pages"}],"about":[{"href":"https:\/\/fundacjadzieciakiczworki.pl\/index.php?rest_route=\/wp\/v2\/types\/page"}],"author":[{"embeddable":true,"href":"https:\/\/fundacjadzieciakiczworki.pl\/index.php?rest_route=\/wp\/v2\/users\/1"}],"replies":[{"embeddable":true,"href":"https:\/\/fundacjadzieciakiczworki.pl\/index.php?rest_route=%2Fwp%2Fv2%2Fcomments&post=466"}],"version-history":[{"count":37,"href":"https:\/\/fundacjadzieciakiczworki.pl\/index.php?rest_route=\/wp\/v2\/pages\/466\/revisions"}],"predecessor-version":[{"id":2826,"href":"https:\/\/fundacjadzieciakiczworki.pl\/index.php?rest_route=\/wp\/v2\/pages\/466\/revisions\/2826"}],"wp:attachment":[{"href":"https:\/\/fundacjadzieciakiczworki.pl\/index.php?rest_route=%2Fwp%2Fv2%2Fmedia&parent=466"}],"curies":[{"name":"wp","href":"https:\/\/api.w.org\/{rel}","templated":true}]}}