{"id":467,"date":"2024-05-25T22:26:31","date_gmt":"2024-05-25T20:26:31","guid":{"rendered":"http:\/\/fundacjadzieciakiczworki.pl\/?page_id=467"},"modified":"2024-06-02T14:58:05","modified_gmt":"2024-06-02T12:58:05","slug":"partnerzy","status":"publish","type":"page","link":"https:\/\/fundacjadzieciakiczworki.pl\/?page_id=467","title":{"rendered":"PARTNERZY"},"content":{"rendered":"\n<p class=\"has-text-align-center\"><strong>Nasi Partnerzy:<\/strong><\/p>\n\n\n\n<ul class=\"wp-block-list\">\n<li>Szko\u0142a Podstawowa nr 4 im. Jana Brzechwy w Swarz\u0119dzu<\/li>\n\n\n\n<li>Rada Rodzic\u00f3w Szko\u0142y Podstawowej nr 4 im. Jana Brzechwy w Swarz\u0119dzu<\/li>\n\n\n\n<li>Ammigo<\/li>\n\n\n\n<li>Szpot Sp. z o.o.<\/li>\n\n\n\n<li>Utal<\/li>\n\n\n\n<li>Hurtownia &#8222;Cybina&#8221;<\/li>\n\n\n\n<li>Blum<\/li>\n\n\n\n<li>Volkswagen Pozna\u0144 &#8211; Fabryka Samochod\u00f3w Dostawczych i Komponent\u00f3w<\/li>\n\n\n\n<li>OM NSZZ &#8222;Solidarno\u015b\u0107&#8221; Volkswagen Pozna\u0144<\/li>\n\n\n\n<li>Stowarzyszenie Przyjaci\u00f3\u0142 Dzieci Specjalnej Troski im. Leszka Grajka w Swarz\u0119dzu<\/li>\n\n\n\n<li>Witaminka Concept<\/li>\n\n\n\n<li>Cukiernia Magdalenka<\/li>\n\n\n\n<li>Piekarnia M.R.K Jankowscy<\/li>\n\n\n\n<li>Drukarnia Swarz\u0119dzka<\/li>\n<\/ul>\n","protected":false},"excerpt":{"rendered":"<p>Nasi Partnerzy:<\/p>\n","protected":false},"author":1,"featured_media":0,"parent":0,"menu_order":0,"comment_status":"closed","ping_status":"closed","template":"","meta":{"_kadence_starter_templates_imported_post":false,"_kad_post_transparent":"","_kad_post_title":"","_kad_post_layout":"","_kad_post_sidebar_id":"","_kad_post_content_style":"","_kad_post_vertical_padding":"","_kad_post_feature":"","_kad_post_feature_position":"","_kad_post_header":false,"_kad_post_footer":false,"footnotes":""},"class_list":["post-467","page","type-page","status-publish","hentry"],"_links":{"self":[{"href":"https:\/\/fundacjadzieciakiczworki.pl\/index.php?rest_route=\/wp\/v2\/pages\/467","targetHints":{"allow":["GET"]}}],"collection":[{"href":"https:\/\/fundacjadzieciakiczworki.pl\/index.php?rest_route=\/wp\/v2\/pages"}],"about":[{"href":"https:\/\/fundacjadzieciakiczworki.pl\/index.php?rest_route=\/wp\/v2\/types\/page"}],"author":[{"embeddable":true,"href":"https:\/\/fundacjadzieciakiczworki.pl\/index.php?rest_route=\/wp\/v2\/users\/1"}],"replies":[{"embeddable":true,"href":"https:\/\/fundacjadzieciakiczworki.pl\/index.php?rest_route=%2Fwp%2Fv2%2Fcomments&post=467"}],"version-history":[{"count":11,"href":"https:\/\/fundacjadzieciakiczworki.pl\/index.php?rest_route=\/wp\/v2\/pages\/467\/revisions"}],"predecessor-version":[{"id":1509,"href":"https:\/\/fundacjadzieciakiczworki.pl\/index.php?rest_route=\/wp\/v2\/pages\/467\/revisions\/1509"}],"wp:attachment":[{"href":"https:\/\/fundacjadzieciakiczworki.pl\/index.php?rest_route=%2Fwp%2Fv2%2Fmedia&parent=467"}],"curies":[{"name":"wp","href":"https:\/\/api.w.org\/{rel}","templated":true}]}}