{"id":468,"date":"2024-05-25T22:26:31","date_gmt":"2024-05-25T20:26:31","guid":{"rendered":"http:\/\/fundacjadzieciakiczworki.pl\/?page_id=468"},"modified":"2025-01-08T21:02:48","modified_gmt":"2025-01-08T20:02:48","slug":"krs","status":"publish","type":"page","link":"https:\/\/fundacjadzieciakiczworki.pl\/?page_id=468","title":{"rendered":"KRS"},"content":{"rendered":"\t\t<div data-elementor-type=\"wp-page\" data-elementor-id=\"468\" class=\"elementor elementor-468\">\n\t\t\t\t<div class=\"elementor-element elementor-element-7a0516ae e-flex e-con-boxed e-con e-parent\" data-id=\"7a0516ae\" data-element_type=\"container\">\n\t\t\t\t\t<div class=\"e-con-inner\">\n\t\t\t\t<div class=\"elementor-element elementor-element-c78264e elementor-widget elementor-widget-text-editor\" data-id=\"c78264e\" data-element_type=\"widget\" data-widget_type=\"text-editor.default\">\n\t\t\t\t<div class=\"elementor-widget-container\">\n\t\t\t\t\t\t\t\t\t\n<div class=\"wp-block-columns is-layout-flex wp-container-core-columns-is-layout-9d6595d7 wp-block-columns-is-layout-flex\">\n<div class=\"wp-block-column is-layout-flow wp-block-column-is-layout-flow\"><\/div>\n\n\n\n<div class=\"wp-block-column is-layout-flow wp-block-column-is-layout-flow\"><\/div>\n<\/div>\n\t\t\t\t\t\t\t\t<\/div>\n\t\t\t\t<\/div>\n\t\t\t\t\t<\/div>\n\t\t\t\t<\/div>\n\t\t<div class=\"elementor-element elementor-element-5d69ecd e-flex e-con-boxed e-con e-parent\" data-id=\"5d69ecd\" data-element_type=\"container\">\n\t\t\t\t\t<div class=\"e-con-inner\">\n\t\t\t\t<div class=\"elementor-element elementor-element-8a1936a elementor-widget elementor-widget-text-editor\" data-id=\"8a1936a\" data-element_type=\"widget\" data-widget_type=\"text-editor.default\">\n\t\t\t\t<div class=\"elementor-widget-container\">\n\t\t\t\t\t\t\t\t\t<p style=\"margin-bottom: 0cm;\">Szanowni Pa\u0144stwo!<\/p>\n<p style=\"margin-bottom: 0cm;\">Chcieliby\u015bmy podzieli\u0107 si\u0119 wa\u017cn\u0105 i radosn\u0105 dla nas informacj\u0105.<\/p>\n<p style=\"margin-bottom: 0cm;\">W 2022r na podstawie Ustawy o dzia\u0142alno\u015bci po\u017cytku publicznego i o wolontariacie z 23 kwietnia 2003r uda\u0142o nam si\u0119 uzyska\u0107\u00a0<\/p>\n<p style=\"margin-bottom: 0cm;\">w s\u0105dzie status Organizacji Po\u017cytku Publicznego.<\/p>\n<p style=\"margin-bottom: 0cm;\">W Krajowym Rejestrze S\u0105dowym dokonany zosta\u0142 wpis dotycz\u0105cy tego, \u017ce Fundacja Dzieciaki Czw\u00f3rki spe\u0142nia warunki okre\u015blone\u00a0<span style=\"background-color: var( --e-global-color-kadence8 ); color: var( --e-global-color-kadence4 );\">w art.20 lub 21 tej ustawy.<\/span><\/p>\n<p style=\"margin-bottom: 0cm;\">Dla naszej Fundacji i naszych podopiecznych jest to wyr\u00f3\u017cnienie, ale tak\u017ce szansa na rozwini\u0119cie zakresu naszej pomocy, wsparcia, poszerzenie zakresu i form rehabilitacji czy modernizacj\u0119 sal terapeutycznych, dostosowanie sprz\u0119tu rehabilitacyjnego do potrzeb indywidualnych uczni\u00f3w, organizacj\u0119 wypoczynku i aktywnych form sp\u0119dzania czasu.<\/p>\n<p style=\"margin-bottom: 0cm;\">Otrzymuj\u0105c status Organizacji Po\u017cytku Publicznego otrzymali\u015bmy ju\u017c ogromny kredyt zaufania. Chcieliby\u015bmy jednak m\u00f3c liczy\u0107 te\u017c na taki kredyt ze strony Pa\u0144stwa. Zach\u0119camy Pa\u0144stwa do \u015bledzenia naszych poczyna\u0144 w mediach spo\u0142eczno\u015bciowych\u00a0 \u00a0i na stronie Szko\u0142y Podstawowej nr 4 im. Jana Brzechwy w Swarz\u0119dzu.<\/p>\n<p>\u00a0<\/p>\n<p style=\"margin-bottom: 0cm;\">Natomiast za ka\u017cdy gest wsparcia, w tym przekazanie na cele statutowe naszej Fundacji 1,5% <b>B\u0118DZIEMY BARDZO WDZI\u0118CZNI.\u00a0<\/b><\/p>\n<p style=\"margin-bottom: 0cm;\"><b>Numer KRS : 0000830097<\/b><\/p>\t\t\t\t\t\t\t\t<\/div>\n\t\t\t\t<\/div>\n\t\t\t\t\t<\/div>\n\t\t\t\t<\/div>\n\t\t<div class=\"elementor-element elementor-element-4611718 e-flex e-con-boxed e-con e-parent\" data-id=\"4611718\" data-element_type=\"container\">\n\t\t\t\t\t<div class=\"e-con-inner\">\n\t\t\t\t<div class=\"elementor-element elementor-element-b299708 elementor-widget elementor-widget-image\" data-id=\"b299708\" data-element_type=\"widget\" data-widget_type=\"image.default\">\n\t\t\t\t<div class=\"elementor-widget-container\">\n\t\t\t\t\t\t\t\t\t\t\t\t\t\t\t<img fetchpriority=\"high\" decoding=\"async\" width=\"516\" height=\"345\" src=\"https:\/\/fundacjadzieciakiczworki.pl\/wp-content\/uploads\/2024\/05\/krs.jpg\" class=\"attachment-large size-large wp-image-532\" alt=\"\" srcset=\"https:\/\/fundacjadzieciakiczworki.pl\/wp-content\/uploads\/2024\/05\/krs.jpg 516w, https:\/\/fundacjadzieciakiczworki.pl\/wp-content\/uploads\/2024\/05\/krs-300x201.jpg 300w\" sizes=\"(max-width: 516px) 100vw, 516px\" \/>\t\t\t\t\t\t\t\t\t\t\t\t\t\t\t<\/div>\n\t\t\t\t<\/div>\n\t\t\t\t\t<\/div>\n\t\t\t\t<\/div>\n\t\t\t\t<\/div>\n\t\t","protected":false},"excerpt":{"rendered":"<p>Szanowni Pa\u0144stwo! Chcieliby\u015bmy podzieli\u0107 si\u0119 wa\u017cn\u0105 i radosn\u0105 dla nas informacj\u0105. W 2022r na podstawie Ustawy o dzia\u0142alno\u015bci po\u017cytku publicznego i o wolontariacie z 23 kwietnia 2003r uda\u0142o nam si\u0119 uzyska\u0107\u00a0 w s\u0105dzie status Organizacji Po\u017cytku Publicznego. W Krajowym Rejestrze S\u0105dowym dokonany zosta\u0142 wpis dotycz\u0105cy tego, \u017ce Fundacja Dzieciaki Czw\u00f3rki spe\u0142nia warunki okre\u015blone\u00a0w art.20 lub&#8230;<\/p>\n","protected":false},"author":1,"featured_media":0,"parent":0,"menu_order":0,"comment_status":"closed","ping_status":"closed","template":"","meta":{"_kadence_starter_templates_imported_post":false,"_kad_post_transparent":"","_kad_post_title":"hide","_kad_post_layout":"fullwidth","_kad_post_sidebar_id":"","_kad_post_content_style":"unboxed","_kad_post_vertical_padding":"hide","_kad_post_feature":"hide","_kad_post_feature_position":"","_kad_post_header":false,"_kad_post_footer":false,"footnotes":""},"class_list":["post-468","page","type-page","status-publish","hentry"],"_links":{"self":[{"href":"https:\/\/fundacjadzieciakiczworki.pl\/index.php?rest_route=\/wp\/v2\/pages\/468","targetHints":{"allow":["GET"]}}],"collection":[{"href":"https:\/\/fundacjadzieciakiczworki.pl\/index.php?rest_route=\/wp\/v2\/pages"}],"about":[{"href":"https:\/\/fundacjadzieciakiczworki.pl\/index.php?rest_route=\/wp\/v2\/types\/page"}],"author":[{"embeddable":true,"href":"https:\/\/fundacjadzieciakiczworki.pl\/index.php?rest_route=\/wp\/v2\/users\/1"}],"replies":[{"embeddable":true,"href":"https:\/\/fundacjadzieciakiczworki.pl\/index.php?rest_route=%2Fwp%2Fv2%2Fcomments&post=468"}],"version-history":[{"count":22,"href":"https:\/\/fundacjadzieciakiczworki.pl\/index.php?rest_route=\/wp\/v2\/pages\/468\/revisions"}],"predecessor-version":[{"id":2334,"href":"https:\/\/fundacjadzieciakiczworki.pl\/index.php?rest_route=\/wp\/v2\/pages\/468\/revisions\/2334"}],"wp:attachment":[{"href":"https:\/\/fundacjadzieciakiczworki.pl\/index.php?rest_route=%2Fwp%2Fv2%2Fmedia&parent=468"}],"curies":[{"name":"wp","href":"https:\/\/api.w.org\/{rel}","templated":true}]}}